{"id":1429,"date":"2026-04-21T19:35:19","date_gmt":"2026-04-21T19:35:19","guid":{"rendered":"https:\/\/999viagens.com.br\/blog\/?page_id=1429"},"modified":"2026-04-21T19:35:21","modified_gmt":"2026-04-21T19:35:21","slug":"passagens-aereas-brasilia-fortaleza","status":"publish","type":"page","link":"https:\/\/999viagens.com.br\/blog\/passagens-aereas-brasilia-fortaleza\/","title":{"rendered":"Passagens A\u00e9reas de (BSB) &#8211; Bras\u00edlia para (FOR) &#8211; Fortaleza | 999 Viagens"},"content":{"rendered":"","protected":false},"excerpt":{"rendered":"<p>Encontre as melhores passagens a\u00e9reas de Bras\u00edlia para Fortaleza com a 999 Viagens. Suporte 24 horas e alertas SMS inclusos para sua tranquilidade.<\/p>\n","protected":false},"author":4,"featured_media":1428,"parent":0,"menu_order":0,"comment_status":"closed","ping_status":"closed","template":"page-passagens.php","meta":{"_acf_changed":false,"cidade_origem":"(BSB) - Bras\u00edlia","cidade_destino":"(FOR) - Fortaleza","modal":"A\u00e9reas","preco_medio":"R$ 349","duracao":"2h 30min","melhor_mes_compra":"Mar\u00e7o","slug_destino":"fortaleza","footnotes":""},"class_list":["post-1429","page","type-page","status-publish","has-post-thumbnail","hentry"],"acf":[],"_links":{"self":[{"href":"https:\/\/999viagens.com.br\/blog\/wp-json\/wp\/v2\/pages\/1429","targetHints":{"allow":["GET"]}}],"collection":[{"href":"https:\/\/999viagens.com.br\/blog\/wp-json\/wp\/v2\/pages"}],"about":[{"href":"https:\/\/999viagens.com.br\/blog\/wp-json\/wp\/v2\/types\/page"}],"author":[{"embeddable":true,"href":"https:\/\/999viagens.com.br\/blog\/wp-json\/wp\/v2\/users\/4"}],"replies":[{"embeddable":true,"href":"https:\/\/999viagens.com.br\/blog\/wp-json\/wp\/v2\/comments?post=1429"}],"version-history":[{"count":2,"href":"https:\/\/999viagens.com.br\/blog\/wp-json\/wp\/v2\/pages\/1429\/revisions"}],"predecessor-version":[{"id":1514,"href":"https:\/\/999viagens.com.br\/blog\/wp-json\/wp\/v2\/pages\/1429\/revisions\/1514"}],"wp:featuredmedia":[{"embeddable":true,"href":"https:\/\/999viagens.com.br\/blog\/wp-json\/wp\/v2\/media\/1428"}],"wp:attachment":[{"href":"https:\/\/999viagens.com.br\/blog\/wp-json\/wp\/v2\/media?parent=1429"}],"curies":[{"name":"wp","href":"https:\/\/api.w.org\/{rel}","templated":true}]}}