{"id":1451,"date":"2026-04-21T20:07:07","date_gmt":"2026-04-21T20:07:07","guid":{"rendered":"https:\/\/999viagens.com.br\/blog\/?page_id=1451"},"modified":"2026-04-21T20:07:08","modified_gmt":"2026-04-21T20:07:08","slug":"passagens-rodoviarias-rio-de-janeiro-belo-horizonte","status":"publish","type":"page","link":"https:\/\/999viagens.com.br\/blog\/passagens-rodoviarias-rio-de-janeiro-belo-horizonte\/","title":{"rendered":"Passagens Rodovi\u00e1rias de Rio de Janeiro para Belo Horizonte | 999 Viagens"},"content":{"rendered":"","protected":false},"excerpt":{"rendered":"<p>Compare passagens rodovi\u00e1rias de Rio de Janeiro para Belo Horizonte com as principais via\u00e7\u00f5es do pa\u00eds. Suporte humanizado 24 horas e alertas SMS antes do embarque.<\/p>\n","protected":false},"author":4,"featured_media":1450,"parent":0,"menu_order":0,"comment_status":"closed","ping_status":"closed","template":"page-passagens.php","meta":{"_acf_changed":false,"cidade_origem":"(RJ) - Rio de Janeiro","cidade_destino":"(BH) - Belo Horizonte","modal":"Rodovi\u00e1rias","preco_medio":"","duracao":"6h 30min","melhor_mes_compra":"Junho","slug_destino":"belo-horizonte","footnotes":""},"class_list":["post-1451","page","type-page","status-publish","has-post-thumbnail","hentry"],"acf":[],"_links":{"self":[{"href":"https:\/\/999viagens.com.br\/blog\/wp-json\/wp\/v2\/pages\/1451","targetHints":{"allow":["GET"]}}],"collection":[{"href":"https:\/\/999viagens.com.br\/blog\/wp-json\/wp\/v2\/pages"}],"about":[{"href":"https:\/\/999viagens.com.br\/blog\/wp-json\/wp\/v2\/types\/page"}],"author":[{"embeddable":true,"href":"https:\/\/999viagens.com.br\/blog\/wp-json\/wp\/v2\/users\/4"}],"replies":[{"embeddable":true,"href":"https:\/\/999viagens.com.br\/blog\/wp-json\/wp\/v2\/comments?post=1451"}],"version-history":[{"count":1,"href":"https:\/\/999viagens.com.br\/blog\/wp-json\/wp\/v2\/pages\/1451\/revisions"}],"predecessor-version":[{"id":1504,"href":"https:\/\/999viagens.com.br\/blog\/wp-json\/wp\/v2\/pages\/1451\/revisions\/1504"}],"wp:featuredmedia":[{"embeddable":true,"href":"https:\/\/999viagens.com.br\/blog\/wp-json\/wp\/v2\/media\/1450"}],"wp:attachment":[{"href":"https:\/\/999viagens.com.br\/blog\/wp-json\/wp\/v2\/media?parent=1451"}],"curies":[{"name":"wp","href":"https:\/\/api.w.org\/{rel}","templated":true}]}}